{"id":115,"date":"2026-02-24T11:17:57","date_gmt":"2026-02-24T10:17:57","guid":{"rendered":"https:\/\/cursos.consejoandaluzenfermeria.com\/?page_id=115"},"modified":"2026-03-11T07:40:47","modified_gmt":"2026-03-11T06:40:47","slug":"terminos-condiciones","status":"publish","type":"page","link":"https:\/\/cursos.consejoandaluzenfermeria.com\/?page_id=115","title":{"rendered":"T\u00e9rminos y condiciones"},"content":{"rendered":"\t\t<div data-elementor-type=\"wp-page\" data-elementor-id=\"115\" class=\"elementor elementor-115\">\n\t\t\t\t<div class=\"elementor-element elementor-element-2c9c4675 e-flex e-con-boxed e-con e-parent\" data-id=\"2c9c4675\" data-element_type=\"container\" data-e-type=\"container\">\n\t\t\t\t\t<div class=\"e-con-inner\">\n\t\t\t\t<div class=\"elementor-element elementor-element-1f274618 elementor-widget elementor-widget-text-editor\" data-id=\"1f274618\" data-element_type=\"widget\" data-e-type=\"widget\" data-widget_type=\"text-editor.default\">\n\t\t\t\t\t\t\t\t\t<p>Con motivo de su participaci\u00f3n en el curso de preparaci\u00f3n para las oposiciones de enfermer\u00eda, le informamos que los datos personales facilitados ser\u00e1n objeto de tratamiento y ser\u00e1n incorporados a ficheros titularidad del <strong>Consejo Andaluz de Enfermer\u00eda<\/strong>. La legitimaci\u00f3n para el tratamiento de sus datos es su participaci\u00f3n en el curso. La finalidad de los ficheros es la gesti\u00f3n del curso en el que participa, el control de asistencia y aprovechamiento, la expedici\u00f3n de certificados o diplomas que acrediten la formaci\u00f3n realizada, as\u00ed como el mantenimiento de la informaci\u00f3n con fines hist\u00f3ricos, estad\u00edsticos y cient\u00edficos internos de la organizaci\u00f3n y para realizar encuestas de satisfacci\u00f3n sobre los servicios recibidos y la informaci\u00f3n facilitada.<\/p>\n<p>El<strong> Consejo Andaluz de Enfermer\u00eda<\/strong> puede contratar a entidades o terceros para el soporte y correcto desarrollo de las acciones formativas que lleve a cabo el<strong> Consejo Andaluz de Enfermer\u00eda<\/strong>, en cuyo caso los datos podr\u00e1n ser comunicados a dichos terceros o entidades contratadas, con la \u00fanica finalidad de permitir la mejor atenci\u00f3n docente a las personas que realizan el curso. Los derechos de acceso, rectificaci\u00f3n, supresi\u00f3n, oposici\u00f3n, limitaci\u00f3n del tratamiento y portabilidad podr\u00e1n ejercitarse mediante escrito, con prueba fehaciente de la identidad del peticionario, dirigido al <strong>Consejo Andaluz de Enfermer\u00eda<\/strong>, Plaza Campo Santo de los M\u00e1rtires 4, 14004.-C\u00f3rdoba, o enviando un correo electr\u00f3nico a\u00a0\u00a0<a href=\"mailto:delegadoprotecciondatos@consejoandaluzenfermeria.com\">delegadoprotecciondatos@consejoandaluzenfermeria.com<\/a>.<\/p>\t\t\t\t\t\t\t\t<\/div>\n\t\t\t\t\t<\/div>\n\t\t\t\t<\/div>\n\t\t\t\t<\/div>\n\t\t","protected":false},"excerpt":{"rendered":"<p>Con motivo de su participaci\u00f3n en el curso de preparaci\u00f3n para las oposiciones de enfermer\u00eda, le informamos que los datos [&hellip;]<\/p>\n","protected":false},"author":1,"featured_media":0,"parent":0,"menu_order":0,"comment_status":"closed","ping_status":"closed","template":"","meta":{"site-sidebar-layout":"default","site-content-layout":"","ast-site-content-layout":"default","site-content-style":"default","site-sidebar-style":"default","ast-global-header-display":"","ast-banner-title-visibility":"","ast-main-header-display":"","ast-hfb-above-header-display":"","ast-hfb-below-header-display":"","ast-hfb-mobile-header-display":"","site-post-title":"","ast-breadcrumbs-content":"","ast-featured-img":"","footer-sml-layout":"","ast-disable-related-posts":"","theme-transparent-header-meta":"","adv-header-id-meta":"","stick-header-meta":"","header-above-stick-meta":"","header-main-stick-meta":"","header-below-stick-meta":"","astra-migrate-meta-layouts":"default","ast-page-background-enabled":"default","ast-page-background-meta":{"desktop":{"background-color":"var(--ast-global-color-5)","background-image":"","background-repeat":"repeat","background-position":"center center","background-size":"auto","background-attachment":"scroll","background-type":"","background-media":"","overlay-type":"","overlay-color":"","overlay-opacity":"","overlay-gradient":""},"tablet":{"background-color":"","background-image":"","background-repeat":"repeat","background-position":"center center","background-size":"auto","background-attachment":"scroll","background-type":"","background-media":"","overlay-type":"","overlay-color":"","overlay-opacity":"","overlay-gradient":""},"mobile":{"background-color":"","background-image":"","background-repeat":"repeat","background-position":"center center","background-size":"auto","background-attachment":"scroll","background-type":"","background-media":"","overlay-type":"","overlay-color":"","overlay-opacity":"","overlay-gradient":""}},"ast-content-background-meta":{"desktop":{"background-color":"var(--ast-global-color-4)","background-image":"","background-repeat":"repeat","background-position":"center center","background-size":"auto","background-attachment":"scroll","background-type":"","background-media":"","overlay-type":"","overlay-color":"","overlay-opacity":"","overlay-gradient":""},"tablet":{"background-color":"var(--ast-global-color-4)","background-image":"","background-repeat":"repeat","background-position":"center center","background-size":"auto","background-attachment":"scroll","background-type":"","background-media":"","overlay-type":"","overlay-color":"","overlay-opacity":"","overlay-gradient":""},"mobile":{"background-color":"var(--ast-global-color-4)","background-image":"","background-repeat":"repeat","background-position":"center center","background-size":"auto","background-attachment":"scroll","background-type":"","background-media":"","overlay-type":"","overlay-color":"","overlay-opacity":"","overlay-gradient":""}},"footnotes":""},"class_list":["post-115","page","type-page","status-publish","hentry"],"yoast_head":"<!-- This site is optimized with the Yoast SEO plugin v27.3 - https:\/\/yoast.com\/product\/yoast-seo-wordpress\/ -->\n<title>T\u00e9rminos y condiciones - Consejo Andaluz Enfermeria<\/title>\n<meta name=\"robots\" content=\"index, follow, max-snippet:-1, max-image-preview:large, max-video-preview:-1\" \/>\n<link rel=\"canonical\" href=\"https:\/\/cursos.consejoandaluzenfermeria.com\/?page_id=115\" \/>\n<meta property=\"og:locale\" content=\"es_ES\" \/>\n<meta property=\"og:type\" content=\"article\" \/>\n<meta property=\"og:title\" content=\"T\u00e9rminos y condiciones - Consejo Andaluz Enfermeria\" \/>\n<meta property=\"og:description\" content=\"Con motivo de su participaci\u00f3n en el curso de preparaci\u00f3n para las oposiciones de enfermer\u00eda, le informamos que los datos [&hellip;]\" \/>\n<meta property=\"og:url\" content=\"https:\/\/cursos.consejoandaluzenfermeria.com\/?page_id=115\" \/>\n<meta property=\"og:site_name\" content=\"Consejo Andaluz Enfermeria\" \/>\n<meta property=\"article:publisher\" content=\"https:\/\/www.facebook.com\/ConsejoAndaluzDeEnfermeria\/?locale=es_LA\" \/>\n<meta property=\"article:modified_time\" content=\"2026-03-11T06:40:47+00:00\" \/>\n<meta name=\"twitter:card\" content=\"summary_large_image\" \/>\n<meta name=\"twitter:site\" content=\"@consejo_andaluz\" \/>\n<meta name=\"twitter:label1\" content=\"Tiempo de lectura\" \/>\n\t<meta name=\"twitter:data1\" content=\"2 minutos\" \/>\n<script type=\"application\/ld+json\" class=\"yoast-schema-graph\">{\"@context\":\"https:\\\/\\\/schema.org\",\"@graph\":[{\"@type\":\"WebPage\",\"@id\":\"https:\\\/\\\/cursos.consejoandaluzenfermeria.com\\\/?page_id=115\",\"url\":\"https:\\\/\\\/cursos.consejoandaluzenfermeria.com\\\/?page_id=115\",\"name\":\"T\u00e9rminos y condiciones - Consejo Andaluz Enfermeria\",\"isPartOf\":{\"@id\":\"https:\\\/\\\/cursos.consejoandaluzenfermeria.com\\\/#website\"},\"datePublished\":\"2026-02-24T10:17:57+00:00\",\"dateModified\":\"2026-03-11T06:40:47+00:00\",\"breadcrumb\":{\"@id\":\"https:\\\/\\\/cursos.consejoandaluzenfermeria.com\\\/?page_id=115#breadcrumb\"},\"inLanguage\":\"es\",\"potentialAction\":[{\"@type\":\"ReadAction\",\"target\":[\"https:\\\/\\\/cursos.consejoandaluzenfermeria.com\\\/?page_id=115\"]}]},{\"@type\":\"BreadcrumbList\",\"@id\":\"https:\\\/\\\/cursos.consejoandaluzenfermeria.com\\\/?page_id=115#breadcrumb\",\"itemListElement\":[{\"@type\":\"ListItem\",\"position\":1,\"name\":\"Portada\",\"item\":\"https:\\\/\\\/cursos.consejoandaluzenfermeria.com\\\/\"},{\"@type\":\"ListItem\",\"position\":2,\"name\":\"T\u00e9rminos y condiciones\"}]},{\"@type\":\"WebSite\",\"@id\":\"https:\\\/\\\/cursos.consejoandaluzenfermeria.com\\\/#website\",\"url\":\"https:\\\/\\\/cursos.consejoandaluzenfermeria.com\\\/\",\"name\":\"Consejo Andaluz Enfermeria\",\"description\":\"\",\"publisher\":{\"@id\":\"https:\\\/\\\/cursos.consejoandaluzenfermeria.com\\\/#organization\"},\"potentialAction\":[{\"@type\":\"SearchAction\",\"target\":{\"@type\":\"EntryPoint\",\"urlTemplate\":\"https:\\\/\\\/cursos.consejoandaluzenfermeria.com\\\/?s={search_term_string}\"},\"query-input\":{\"@type\":\"PropertyValueSpecification\",\"valueRequired\":true,\"valueName\":\"search_term_string\"}}],\"inLanguage\":\"es\"},{\"@type\":\"Organization\",\"@id\":\"https:\\\/\\\/cursos.consejoandaluzenfermeria.com\\\/#organization\",\"name\":\"Consejo Andaluz Enfermeria\",\"url\":\"https:\\\/\\\/cursos.consejoandaluzenfermeria.com\\\/\",\"logo\":{\"@type\":\"ImageObject\",\"inLanguage\":\"es\",\"@id\":\"https:\\\/\\\/cursos.consejoandaluzenfermeria.com\\\/#\\\/schema\\\/logo\\\/image\\\/\",\"url\":\"https:\\\/\\\/cursos.consejoandaluzenfermeria.com\\\/wp-content\\\/uploads\\\/2026\\\/02\\\/LOGO-OK-Consejo-Andaluz-de-Enfermeria-scaled-1.png\",\"contentUrl\":\"https:\\\/\\\/cursos.consejoandaluzenfermeria.com\\\/wp-content\\\/uploads\\\/2026\\\/02\\\/LOGO-OK-Consejo-Andaluz-de-Enfermeria-scaled-1.png\",\"width\":2560,\"height\":1305,\"caption\":\"Consejo Andaluz Enfermeria\"},\"image\":{\"@id\":\"https:\\\/\\\/cursos.consejoandaluzenfermeria.com\\\/#\\\/schema\\\/logo\\\/image\\\/\"},\"sameAs\":[\"https:\\\/\\\/www.facebook.com\\\/ConsejoAndaluzDeEnfermeria\\\/?locale=es_LA\",\"https:\\\/\\\/x.com\\\/consejo_andaluz\",\"https:\\\/\\\/es.linkedin.com\\\/company\\\/consejo-andaluz-de-enfermeria\"]}]}<\/script>\n<!-- \/ Yoast SEO plugin. -->","yoast_head_json":{"title":"T\u00e9rminos y condiciones - Consejo Andaluz Enfermeria","robots":{"index":"index","follow":"follow","max-snippet":"max-snippet:-1","max-image-preview":"max-image-preview:large","max-video-preview":"max-video-preview:-1"},"canonical":"https:\/\/cursos.consejoandaluzenfermeria.com\/?page_id=115","og_locale":"es_ES","og_type":"article","og_title":"T\u00e9rminos y condiciones - Consejo Andaluz Enfermeria","og_description":"Con motivo de su participaci\u00f3n en el curso de preparaci\u00f3n para las oposiciones de enfermer\u00eda, le informamos que los datos [&hellip;]","og_url":"https:\/\/cursos.consejoandaluzenfermeria.com\/?page_id=115","og_site_name":"Consejo Andaluz Enfermeria","article_publisher":"https:\/\/www.facebook.com\/ConsejoAndaluzDeEnfermeria\/?locale=es_LA","article_modified_time":"2026-03-11T06:40:47+00:00","twitter_card":"summary_large_image","twitter_site":"@consejo_andaluz","twitter_misc":{"Tiempo de lectura":"2 minutos"},"schema":{"@context":"https:\/\/schema.org","@graph":[{"@type":"WebPage","@id":"https:\/\/cursos.consejoandaluzenfermeria.com\/?page_id=115","url":"https:\/\/cursos.consejoandaluzenfermeria.com\/?page_id=115","name":"T\u00e9rminos y condiciones - Consejo Andaluz Enfermeria","isPartOf":{"@id":"https:\/\/cursos.consejoandaluzenfermeria.com\/#website"},"datePublished":"2026-02-24T10:17:57+00:00","dateModified":"2026-03-11T06:40:47+00:00","breadcrumb":{"@id":"https:\/\/cursos.consejoandaluzenfermeria.com\/?page_id=115#breadcrumb"},"inLanguage":"es","potentialAction":[{"@type":"ReadAction","target":["https:\/\/cursos.consejoandaluzenfermeria.com\/?page_id=115"]}]},{"@type":"BreadcrumbList","@id":"https:\/\/cursos.consejoandaluzenfermeria.com\/?page_id=115#breadcrumb","itemListElement":[{"@type":"ListItem","position":1,"name":"Portada","item":"https:\/\/cursos.consejoandaluzenfermeria.com\/"},{"@type":"ListItem","position":2,"name":"T\u00e9rminos y condiciones"}]},{"@type":"WebSite","@id":"https:\/\/cursos.consejoandaluzenfermeria.com\/#website","url":"https:\/\/cursos.consejoandaluzenfermeria.com\/","name":"Consejo Andaluz Enfermeria","description":"","publisher":{"@id":"https:\/\/cursos.consejoandaluzenfermeria.com\/#organization"},"potentialAction":[{"@type":"SearchAction","target":{"@type":"EntryPoint","urlTemplate":"https:\/\/cursos.consejoandaluzenfermeria.com\/?s={search_term_string}"},"query-input":{"@type":"PropertyValueSpecification","valueRequired":true,"valueName":"search_term_string"}}],"inLanguage":"es"},{"@type":"Organization","@id":"https:\/\/cursos.consejoandaluzenfermeria.com\/#organization","name":"Consejo Andaluz Enfermeria","url":"https:\/\/cursos.consejoandaluzenfermeria.com\/","logo":{"@type":"ImageObject","inLanguage":"es","@id":"https:\/\/cursos.consejoandaluzenfermeria.com\/#\/schema\/logo\/image\/","url":"https:\/\/cursos.consejoandaluzenfermeria.com\/wp-content\/uploads\/2026\/02\/LOGO-OK-Consejo-Andaluz-de-Enfermeria-scaled-1.png","contentUrl":"https:\/\/cursos.consejoandaluzenfermeria.com\/wp-content\/uploads\/2026\/02\/LOGO-OK-Consejo-Andaluz-de-Enfermeria-scaled-1.png","width":2560,"height":1305,"caption":"Consejo Andaluz Enfermeria"},"image":{"@id":"https:\/\/cursos.consejoandaluzenfermeria.com\/#\/schema\/logo\/image\/"},"sameAs":["https:\/\/www.facebook.com\/ConsejoAndaluzDeEnfermeria\/?locale=es_LA","https:\/\/x.com\/consejo_andaluz","https:\/\/es.linkedin.com\/company\/consejo-andaluz-de-enfermeria"]}]}},"_links":{"self":[{"href":"https:\/\/cursos.consejoandaluzenfermeria.com\/index.php?rest_route=\/wp\/v2\/pages\/115","targetHints":{"allow":["GET"]}}],"collection":[{"href":"https:\/\/cursos.consejoandaluzenfermeria.com\/index.php?rest_route=\/wp\/v2\/pages"}],"about":[{"href":"https:\/\/cursos.consejoandaluzenfermeria.com\/index.php?rest_route=\/wp\/v2\/types\/page"}],"author":[{"embeddable":true,"href":"https:\/\/cursos.consejoandaluzenfermeria.com\/index.php?rest_route=\/wp\/v2\/users\/1"}],"replies":[{"embeddable":true,"href":"https:\/\/cursos.consejoandaluzenfermeria.com\/index.php?rest_route=%2Fwp%2Fv2%2Fcomments&post=115"}],"version-history":[{"count":4,"href":"https:\/\/cursos.consejoandaluzenfermeria.com\/index.php?rest_route=\/wp\/v2\/pages\/115\/revisions"}],"predecessor-version":[{"id":532,"href":"https:\/\/cursos.consejoandaluzenfermeria.com\/index.php?rest_route=\/wp\/v2\/pages\/115\/revisions\/532"}],"wp:attachment":[{"href":"https:\/\/cursos.consejoandaluzenfermeria.com\/index.php?rest_route=%2Fwp%2Fv2%2Fmedia&parent=115"}],"curies":[{"name":"wp","href":"https:\/\/api.w.org\/{rel}","templated":true}]}}