{"id":123,"date":"2026-02-24T11:30:07","date_gmt":"2026-02-24T10:30:07","guid":{"rendered":"https:\/\/cursos.consejoandaluzenfermeria.com\/?post_type=product&#038;p=123"},"modified":"2026-03-10T13:21:27","modified_gmt":"2026-03-10T12:21:27","slug":"curso-generalista","status":"publish","type":"product","link":"https:\/\/cursos.consejoandaluzenfermeria.com\/?product=curso-generalista","title":{"rendered":"Curso Generalista"},"content":{"rendered":"<p>Preparaci\u00f3n para la convocatoria de la categor\u00eda de<br \/>\nEnfermero\/a.<\/p>\n","protected":false},"excerpt":{"rendered":"<p>PRECIO DE LA ACTIVIDAD FORMATIVA OPE SAS<\/p>\n<p>El precio de la actividad formativa tanto de preparaci\u00f3n OPE de Enfermer\u00eda Generalista como de Enfermer\u00eda Especialista, es de 500 \u20ac. <\/p>\n<p>   &#8211; Precio de inscripci\u00f3n para los colegiadas\/os en Andaluc\u00eda: 50 \u20ac  (bonificado al 90% por el Consejo Andaluz de Enfermer\u00eda).<\/p>\n<p>   &#8211; Precio de inscripci\u00f3n para colegiadas\/os censados fuera de Andaluc\u00eda: 500 \u20ac.<\/p>\n<p>Tanto para poder realizar la inscripci\u00f3n en la actividad como para cursarla, el\/a alumno\/a colegiado\/a en Andaluc\u00eda deber\u00e1 mantener dicha condici\u00f3n durante todo el periodo de realizaci\u00f3n del curso.<\/p>\n","protected":false},"featured_media":28,"template":"","meta":{"site-sidebar-layout":"default","site-content-layout":"","ast-site-content-layout":"default","site-content-style":"default","site-sidebar-style":"default","ast-global-header-display":"","ast-banner-title-visibility":"","ast-main-header-display":"","ast-hfb-above-header-display":"","ast-hfb-below-header-display":"","ast-hfb-mobile-header-display":"","site-post-title":"","ast-breadcrumbs-content":"","ast-featured-img":"","footer-sml-layout":"","ast-disable-related-posts":"","theme-transparent-header-meta":"default","adv-header-id-meta":"","stick-header-meta":"","header-above-stick-meta":"","header-main-stick-meta":"","header-below-stick-meta":"","astra-migrate-meta-layouts":"set","ast-page-background-enabled":"default","ast-page-background-meta":{"desktop":{"background-color":"var(--ast-global-color-5)","background-image":"","background-repeat":"repeat","background-position":"center center","background-size":"auto","background-attachment":"scroll","background-type":"","background-media":"","overlay-type":"","overlay-color":"","overlay-opacity":"","overlay-gradient":""},"tablet":{"background-color":"","background-image":"","background-repeat":"repeat","background-position":"center center","background-size":"auto","background-attachment":"scroll","background-type":"","background-media":"","overlay-type":"","overlay-color":"","overlay-opacity":"","overlay-gradient":""},"mobile":{"background-color":"","background-image":"","background-repeat":"repeat","background-position":"center center","background-size":"auto","background-attachment":"scroll","background-type":"","background-media":"","overlay-type":"","overlay-color":"","overlay-opacity":"","overlay-gradient":""}},"ast-content-background-meta":{"desktop":{"background-color":"var(--ast-global-color-4)","background-image":"","background-repeat":"repeat","background-position":"center center","background-size":"auto","background-attachment":"scroll","background-type":"","background-media":"","overlay-type":"","overlay-color":"","overlay-opacity":"","overlay-gradient":""},"tablet":{"background-color":"var(--ast-global-color-4)","background-image":"","background-repeat":"repeat","background-position":"center center","background-size":"auto","background-attachment":"scroll","background-type":"","background-media":"","overlay-type":"","overlay-color":"","overlay-opacity":"","overlay-gradient":""},"mobile":{"background-color":"var(--ast-global-color-4)","background-image":"","background-repeat":"repeat","background-position":"center center","background-size":"auto","background-attachment":"scroll","background-type":"","background-media":"","overlay-type":"","overlay-color":"","overlay-opacity":"","overlay-gradient":""}}},"product_brand":[],"product_cat":[18],"product_tag":[19,21,20],"class_list":{"0":"post-123","1":"product","2":"type-product","3":"status-publish","4":"has-post-thumbnail","6":"product_cat-cursos","7":"product_tag-cursos","8":"product_tag-enfermeria","9":"product_tag-oposiciones","10":"desktop-align-left","11":"tablet-align-left","12":"mobile-align-left","14":"first","15":"instock","16":"shipping-taxable","17":"purchasable","18":"product-type-variable"},"yoast_head":"<!-- This site is optimized with the Yoast SEO plugin v27.3 - https:\/\/yoast.com\/product\/yoast-seo-wordpress\/ -->\n<title>Curso Generalista - Consejo Andaluz Enfermeria<\/title>\n<meta name=\"description\" content=\"Preparaci\u00f3n para la convocatoria de la categor\u00eda deEnfermero\/a.\" \/>\n<meta name=\"robots\" content=\"index, follow, max-snippet:-1, max-image-preview:large, max-video-preview:-1\" \/>\n<link rel=\"canonical\" href=\"https:\/\/cursos.consejoandaluzenfermeria.com\/?product=curso-generalista\" \/>\n<meta property=\"og:locale\" content=\"es_ES\" \/>\n<meta property=\"og:type\" content=\"article\" \/>\n<meta property=\"og:title\" content=\"Curso Generalista - Consejo Andaluz Enfermeria\" \/>\n<meta property=\"og:description\" content=\"Preparaci\u00f3n para la convocatoria de la categor\u00eda deEnfermero\/a.\" \/>\n<meta property=\"og:url\" content=\"https:\/\/cursos.consejoandaluzenfermeria.com\/?product=curso-generalista\" \/>\n<meta property=\"og:site_name\" content=\"Consejo Andaluz Enfermeria\" \/>\n<meta property=\"article:publisher\" content=\"https:\/\/www.facebook.com\/ConsejoAndaluzDeEnfermeria\/?locale=es_LA\" \/>\n<meta property=\"article:modified_time\" content=\"2026-03-10T12:21:27+00:00\" \/>\n<meta property=\"og:image\" content=\"https:\/\/cursos.consejoandaluzenfermeria.com\/wp-content\/uploads\/2026\/02\/Curso-Generalista.webp\" \/>\n\t<meta property=\"og:image:width\" content=\"900\" \/>\n\t<meta property=\"og:image:height\" content=\"900\" \/>\n\t<meta property=\"og:image:type\" content=\"image\/webp\" \/>\n<meta name=\"twitter:card\" content=\"summary_large_image\" \/>\n<meta name=\"twitter:site\" content=\"@consejo_andaluz\" \/>\n<meta name=\"twitter:label1\" content=\"Tiempo de lectura\" \/>\n\t<meta name=\"twitter:data1\" content=\"1 minuto\" \/>\n<script type=\"application\/ld+json\" class=\"yoast-schema-graph\">{\"@context\":\"https:\\\/\\\/schema.org\",\"@graph\":[{\"@type\":\"WebPage\",\"@id\":\"https:\\\/\\\/cursos.consejoandaluzenfermeria.com\\\/?product=curso-generalista\",\"url\":\"https:\\\/\\\/cursos.consejoandaluzenfermeria.com\\\/?product=curso-generalista\",\"name\":\"Curso Generalista - Consejo Andaluz Enfermeria\",\"isPartOf\":{\"@id\":\"https:\\\/\\\/cursos.consejoandaluzenfermeria.com\\\/#website\"},\"primaryImageOfPage\":{\"@id\":\"https:\\\/\\\/cursos.consejoandaluzenfermeria.com\\\/?product=curso-generalista#primaryimage\"},\"image\":{\"@id\":\"https:\\\/\\\/cursos.consejoandaluzenfermeria.com\\\/?product=curso-generalista#primaryimage\"},\"thumbnailUrl\":\"https:\\\/\\\/cursos.consejoandaluzenfermeria.com\\\/wp-content\\\/uploads\\\/2026\\\/02\\\/Curso-Generalista.webp\",\"datePublished\":\"2026-02-24T10:30:07+00:00\",\"dateModified\":\"2026-03-10T12:21:27+00:00\",\"description\":\"Preparaci\u00f3n para la convocatoria de la categor\u00eda deEnfermero\\\/a.\",\"breadcrumb\":{\"@id\":\"https:\\\/\\\/cursos.consejoandaluzenfermeria.com\\\/?product=curso-generalista#breadcrumb\"},\"inLanguage\":\"es\",\"potentialAction\":[{\"@type\":\"ReadAction\",\"target\":[\"https:\\\/\\\/cursos.consejoandaluzenfermeria.com\\\/?product=curso-generalista\"]}]},{\"@type\":\"ImageObject\",\"inLanguage\":\"es\",\"@id\":\"https:\\\/\\\/cursos.consejoandaluzenfermeria.com\\\/?product=curso-generalista#primaryimage\",\"url\":\"https:\\\/\\\/cursos.consejoandaluzenfermeria.com\\\/wp-content\\\/uploads\\\/2026\\\/02\\\/Curso-Generalista.webp\",\"contentUrl\":\"https:\\\/\\\/cursos.consejoandaluzenfermeria.com\\\/wp-content\\\/uploads\\\/2026\\\/02\\\/Curso-Generalista.webp\",\"width\":900,\"height\":900},{\"@type\":\"BreadcrumbList\",\"@id\":\"https:\\\/\\\/cursos.consejoandaluzenfermeria.com\\\/?product=curso-generalista#breadcrumb\",\"itemListElement\":[{\"@type\":\"ListItem\",\"position\":1,\"name\":\"Portada\",\"item\":\"https:\\\/\\\/cursos.consejoandaluzenfermeria.com\\\/\"},{\"@type\":\"ListItem\",\"position\":2,\"name\":\"Tienda\",\"item\":\"https:\\\/\\\/cursos.consejoandaluzenfermeria.com\\\/?page_id=111\"},{\"@type\":\"ListItem\",\"position\":3,\"name\":\"Curso Generalista\"}]},{\"@type\":\"WebSite\",\"@id\":\"https:\\\/\\\/cursos.consejoandaluzenfermeria.com\\\/#website\",\"url\":\"https:\\\/\\\/cursos.consejoandaluzenfermeria.com\\\/\",\"name\":\"Consejo Andaluz Enfermeria\",\"description\":\"\",\"publisher\":{\"@id\":\"https:\\\/\\\/cursos.consejoandaluzenfermeria.com\\\/#organization\"},\"potentialAction\":[{\"@type\":\"SearchAction\",\"target\":{\"@type\":\"EntryPoint\",\"urlTemplate\":\"https:\\\/\\\/cursos.consejoandaluzenfermeria.com\\\/?s={search_term_string}\"},\"query-input\":{\"@type\":\"PropertyValueSpecification\",\"valueRequired\":true,\"valueName\":\"search_term_string\"}}],\"inLanguage\":\"es\"},{\"@type\":\"Organization\",\"@id\":\"https:\\\/\\\/cursos.consejoandaluzenfermeria.com\\\/#organization\",\"name\":\"Consejo Andaluz Enfermeria\",\"url\":\"https:\\\/\\\/cursos.consejoandaluzenfermeria.com\\\/\",\"logo\":{\"@type\":\"ImageObject\",\"inLanguage\":\"es\",\"@id\":\"https:\\\/\\\/cursos.consejoandaluzenfermeria.com\\\/#\\\/schema\\\/logo\\\/image\\\/\",\"url\":\"https:\\\/\\\/cursos.consejoandaluzenfermeria.com\\\/wp-content\\\/uploads\\\/2026\\\/02\\\/LOGO-OK-Consejo-Andaluz-de-Enfermeria-scaled-1.png\",\"contentUrl\":\"https:\\\/\\\/cursos.consejoandaluzenfermeria.com\\\/wp-content\\\/uploads\\\/2026\\\/02\\\/LOGO-OK-Consejo-Andaluz-de-Enfermeria-scaled-1.png\",\"width\":2560,\"height\":1305,\"caption\":\"Consejo Andaluz Enfermeria\"},\"image\":{\"@id\":\"https:\\\/\\\/cursos.consejoandaluzenfermeria.com\\\/#\\\/schema\\\/logo\\\/image\\\/\"},\"sameAs\":[\"https:\\\/\\\/www.facebook.com\\\/ConsejoAndaluzDeEnfermeria\\\/?locale=es_LA\",\"https:\\\/\\\/x.com\\\/consejo_andaluz\",\"https:\\\/\\\/es.linkedin.com\\\/company\\\/consejo-andaluz-de-enfermeria\"]}]}<\/script>\n<!-- \/ Yoast SEO plugin. -->","yoast_head_json":{"title":"Curso Generalista - Consejo Andaluz Enfermeria","description":"Preparaci\u00f3n para la convocatoria de la categor\u00eda deEnfermero\/a.","robots":{"index":"index","follow":"follow","max-snippet":"max-snippet:-1","max-image-preview":"max-image-preview:large","max-video-preview":"max-video-preview:-1"},"canonical":"https:\/\/cursos.consejoandaluzenfermeria.com\/?product=curso-generalista","og_locale":"es_ES","og_type":"article","og_title":"Curso Generalista - Consejo Andaluz Enfermeria","og_description":"Preparaci\u00f3n para la convocatoria de la categor\u00eda deEnfermero\/a.","og_url":"https:\/\/cursos.consejoandaluzenfermeria.com\/?product=curso-generalista","og_site_name":"Consejo Andaluz Enfermeria","article_publisher":"https:\/\/www.facebook.com\/ConsejoAndaluzDeEnfermeria\/?locale=es_LA","article_modified_time":"2026-03-10T12:21:27+00:00","og_image":[{"width":900,"height":900,"url":"https:\/\/cursos.consejoandaluzenfermeria.com\/wp-content\/uploads\/2026\/02\/Curso-Generalista.webp","type":"image\/webp"}],"twitter_card":"summary_large_image","twitter_site":"@consejo_andaluz","twitter_misc":{"Tiempo de lectura":"1 minuto"},"schema":{"@context":"https:\/\/schema.org","@graph":[{"@type":"WebPage","@id":"https:\/\/cursos.consejoandaluzenfermeria.com\/?product=curso-generalista","url":"https:\/\/cursos.consejoandaluzenfermeria.com\/?product=curso-generalista","name":"Curso Generalista - Consejo Andaluz Enfermeria","isPartOf":{"@id":"https:\/\/cursos.consejoandaluzenfermeria.com\/#website"},"primaryImageOfPage":{"@id":"https:\/\/cursos.consejoandaluzenfermeria.com\/?product=curso-generalista#primaryimage"},"image":{"@id":"https:\/\/cursos.consejoandaluzenfermeria.com\/?product=curso-generalista#primaryimage"},"thumbnailUrl":"https:\/\/cursos.consejoandaluzenfermeria.com\/wp-content\/uploads\/2026\/02\/Curso-Generalista.webp","datePublished":"2026-02-24T10:30:07+00:00","dateModified":"2026-03-10T12:21:27+00:00","description":"Preparaci\u00f3n para la convocatoria de la categor\u00eda deEnfermero\/a.","breadcrumb":{"@id":"https:\/\/cursos.consejoandaluzenfermeria.com\/?product=curso-generalista#breadcrumb"},"inLanguage":"es","potentialAction":[{"@type":"ReadAction","target":["https:\/\/cursos.consejoandaluzenfermeria.com\/?product=curso-generalista"]}]},{"@type":"ImageObject","inLanguage":"es","@id":"https:\/\/cursos.consejoandaluzenfermeria.com\/?product=curso-generalista#primaryimage","url":"https:\/\/cursos.consejoandaluzenfermeria.com\/wp-content\/uploads\/2026\/02\/Curso-Generalista.webp","contentUrl":"https:\/\/cursos.consejoandaluzenfermeria.com\/wp-content\/uploads\/2026\/02\/Curso-Generalista.webp","width":900,"height":900},{"@type":"BreadcrumbList","@id":"https:\/\/cursos.consejoandaluzenfermeria.com\/?product=curso-generalista#breadcrumb","itemListElement":[{"@type":"ListItem","position":1,"name":"Portada","item":"https:\/\/cursos.consejoandaluzenfermeria.com\/"},{"@type":"ListItem","position":2,"name":"Tienda","item":"https:\/\/cursos.consejoandaluzenfermeria.com\/?page_id=111"},{"@type":"ListItem","position":3,"name":"Curso Generalista"}]},{"@type":"WebSite","@id":"https:\/\/cursos.consejoandaluzenfermeria.com\/#website","url":"https:\/\/cursos.consejoandaluzenfermeria.com\/","name":"Consejo Andaluz Enfermeria","description":"","publisher":{"@id":"https:\/\/cursos.consejoandaluzenfermeria.com\/#organization"},"potentialAction":[{"@type":"SearchAction","target":{"@type":"EntryPoint","urlTemplate":"https:\/\/cursos.consejoandaluzenfermeria.com\/?s={search_term_string}"},"query-input":{"@type":"PropertyValueSpecification","valueRequired":true,"valueName":"search_term_string"}}],"inLanguage":"es"},{"@type":"Organization","@id":"https:\/\/cursos.consejoandaluzenfermeria.com\/#organization","name":"Consejo Andaluz Enfermeria","url":"https:\/\/cursos.consejoandaluzenfermeria.com\/","logo":{"@type":"ImageObject","inLanguage":"es","@id":"https:\/\/cursos.consejoandaluzenfermeria.com\/#\/schema\/logo\/image\/","url":"https:\/\/cursos.consejoandaluzenfermeria.com\/wp-content\/uploads\/2026\/02\/LOGO-OK-Consejo-Andaluz-de-Enfermeria-scaled-1.png","contentUrl":"https:\/\/cursos.consejoandaluzenfermeria.com\/wp-content\/uploads\/2026\/02\/LOGO-OK-Consejo-Andaluz-de-Enfermeria-scaled-1.png","width":2560,"height":1305,"caption":"Consejo Andaluz Enfermeria"},"image":{"@id":"https:\/\/cursos.consejoandaluzenfermeria.com\/#\/schema\/logo\/image\/"},"sameAs":["https:\/\/www.facebook.com\/ConsejoAndaluzDeEnfermeria\/?locale=es_LA","https:\/\/x.com\/consejo_andaluz","https:\/\/es.linkedin.com\/company\/consejo-andaluz-de-enfermeria"]}]}},"_links":{"self":[{"href":"https:\/\/cursos.consejoandaluzenfermeria.com\/index.php?rest_route=\/wp\/v2\/product\/123","targetHints":{"allow":["GET"]}}],"collection":[{"href":"https:\/\/cursos.consejoandaluzenfermeria.com\/index.php?rest_route=\/wp\/v2\/product"}],"about":[{"href":"https:\/\/cursos.consejoandaluzenfermeria.com\/index.php?rest_route=\/wp\/v2\/types\/product"}],"wp:featuredmedia":[{"embeddable":true,"href":"https:\/\/cursos.consejoandaluzenfermeria.com\/index.php?rest_route=\/wp\/v2\/media\/28"}],"wp:attachment":[{"href":"https:\/\/cursos.consejoandaluzenfermeria.com\/index.php?rest_route=%2Fwp%2Fv2%2Fmedia&parent=123"}],"wp:term":[{"taxonomy":"product_brand","embeddable":true,"href":"https:\/\/cursos.consejoandaluzenfermeria.com\/index.php?rest_route=%2Fwp%2Fv2%2Fproduct_brand&post=123"},{"taxonomy":"product_cat","embeddable":true,"href":"https:\/\/cursos.consejoandaluzenfermeria.com\/index.php?rest_route=%2Fwp%2Fv2%2Fproduct_cat&post=123"},{"taxonomy":"product_tag","embeddable":true,"href":"https:\/\/cursos.consejoandaluzenfermeria.com\/index.php?rest_route=%2Fwp%2Fv2%2Fproduct_tag&post=123"}],"curies":[{"name":"wp","href":"https:\/\/api.w.org\/{rel}","templated":true}]}}